{"id":346,"date":"2022-08-31T13:53:07","date_gmt":"2022-08-31T13:53:07","guid":{"rendered":"https:\/\/peersupport.training\/?page_id=346"},"modified":"2022-09-04T20:10:26","modified_gmt":"2022-09-04T20:10:26","slug":"e-learning","status":"publish","type":"page","link":"https:\/\/peersupport.training\/is\/e-learning\/","title":{"rendered":"Rafr\u00e6nt n\u00e1m"},"content":{"rendered":"<div data-elementor-type=\"wp-page\" data-elementor-id=\"346\" class=\"elementor elementor-346\" data-elementor-post-type=\"page\">\n\t\t\t\t\t\t<section class=\"elementor-section elementor-top-section elementor-element elementor-element-cfee26c elementor-section-boxed elementor-section-height-default elementor-section-height-default\" data-id=\"cfee26c\" data-element_type=\"section\" data-e-type=\"section\">\n\t\t\t\t\t\t<div class=\"elementor-container elementor-column-gap-default\">\n\t\t\t\t\t<div class=\"elementor-column elementor-col-100 elementor-top-column elementor-element elementor-element-efca8fd\" data-id=\"efca8fd\" data-element_type=\"column\" data-e-type=\"column\">\n\t\t\t<div class=\"elementor-widget-wrap elementor-element-populated\">\n\t\t\t\t\t\t<div class=\"elementor-element elementor-element-e65ef1a elementor-widget elementor-widget-spacer\" data-id=\"e65ef1a\" data-element_type=\"widget\" data-e-type=\"widget\" data-widget_type=\"spacer.default\">\n\t\t\t\t<div class=\"elementor-widget-container\">\n\t\t\t\t\t\t\t<div class=\"elementor-spacer\">\n\t\t\t<div class=\"elementor-spacer-inner\"><\/div>\n\t\t<\/div>\n\t\t\t\t\t\t<\/div>\n\t\t\t\t<\/div>\n\t\t\t\t<div class=\"elementor-element elementor-element-eeeee53 elementor-widget elementor-widget-theme-post-title elementor-page-title elementor-widget-heading\" data-id=\"eeeee53\" data-element_type=\"widget\" data-e-type=\"widget\" data-widget_type=\"theme-post-title.default\">\n\t\t\t\t<div class=\"elementor-widget-container\">\n\t\t\t\t\t<h1 class=\"elementor-heading-title elementor-size-default\">Rafr\u00e6nt n\u00e1m<\/h1>\t\t\t\t<\/div>\n\t\t\t\t<\/div>\n\t\t\t\t\t<\/div>\n\t\t<\/div>\n\t\t\t\t\t<\/div>\n\t\t<\/section>\n\t\t\t\t<section class=\"elementor-section elementor-top-section elementor-element elementor-element-36f3bcb elementor-section-boxed elementor-section-height-default elementor-section-height-default\" data-id=\"36f3bcb\" data-element_type=\"section\" data-e-type=\"section\">\n\t\t\t\t\t\t<div class=\"elementor-container elementor-column-gap-default\">\n\t\t\t\t\t<div class=\"elementor-column elementor-col-100 elementor-top-column elementor-element elementor-element-bbb4b6d\" data-id=\"bbb4b6d\" data-element_type=\"column\" data-e-type=\"column\">\n\t\t\t<div class=\"elementor-widget-wrap elementor-element-populated\">\n\t\t\t\t\t\t<div class=\"elementor-element elementor-element-280cd7f elementor-grid-3 elementor-grid-tablet-2 elementor-grid-mobile-1 elementor-posts--thumbnail-top elementor-widget elementor-widget-posts\" data-id=\"280cd7f\" data-element_type=\"widget\" data-e-type=\"widget\" data-settings=\"{&quot;classic_columns&quot;:&quot;3&quot;,&quot;classic_columns_tablet&quot;:&quot;2&quot;,&quot;classic_columns_mobile&quot;:&quot;1&quot;,&quot;classic_row_gap&quot;:{&quot;unit&quot;:&quot;px&quot;,&quot;size&quot;:35,&quot;sizes&quot;:[]},&quot;classic_row_gap_tablet&quot;:{&quot;unit&quot;:&quot;px&quot;,&quot;size&quot;:&quot;&quot;,&quot;sizes&quot;:[]},&quot;classic_row_gap_mobile&quot;:{&quot;unit&quot;:&quot;px&quot;,&quot;size&quot;:&quot;&quot;,&quot;sizes&quot;:[]}}\" data-widget_type=\"posts.classic\">\n\t\t\t\t<div class=\"elementor-widget-container\">\n\t\t\t\t\t\t\t<div class=\"elementor-posts-container elementor-posts elementor-posts--skin-classic elementor-grid\">\n\t\t\t\t<article class=\"elementor-post elementor-grid-item post-359 article type-article status-publish has-post-thumbnail hentry\">\n\t\t\t\t<a class=\"elementor-post__thumbnail__link\" href=\"https:\/\/peersupport.training\/is\/article\/what-is-peer-support\/\" tabindex=\"-1\" >\n\t\t\t<div class=\"elementor-post__thumbnail\"><img fetchpriority=\"high\" decoding=\"async\" width=\"300\" height=\"212\" src=\"https:\/\/peersupport.training\/wp-content\/uploads\/2022\/09\/element5-digital-OyCl7Y4y0Bk-unsplash-300x212.jpg\" class=\"attachment-medium size-medium wp-image-1386\" alt=\"\" srcset=\"https:\/\/peersupport.training\/wp-content\/uploads\/2022\/09\/element5-digital-OyCl7Y4y0Bk-unsplash-300x212.jpg 300w, https:\/\/peersupport.training\/wp-content\/uploads\/2022\/09\/element5-digital-OyCl7Y4y0Bk-unsplash-1024x723.jpg 1024w, https:\/\/peersupport.training\/wp-content\/uploads\/2022\/09\/element5-digital-OyCl7Y4y0Bk-unsplash-768x542.jpg 768w, https:\/\/peersupport.training\/wp-content\/uploads\/2022\/09\/element5-digital-OyCl7Y4y0Bk-unsplash-1536x1084.jpg 1536w, https:\/\/peersupport.training\/wp-content\/uploads\/2022\/09\/element5-digital-OyCl7Y4y0Bk-unsplash-2048x1446.jpg 2048w, https:\/\/peersupport.training\/wp-content\/uploads\/2022\/09\/element5-digital-OyCl7Y4y0Bk-unsplash-18x12.jpg 18w\" sizes=\"(max-width: 300px) 100vw, 300px\" \/><\/div>\n\t\t<\/a>\n\t\t\t\t<div class=\"elementor-post__text\">\n\t\t\t\t<h3 class=\"elementor-post__title\">\n\t\t\t<a href=\"https:\/\/peersupport.training\/is\/article\/what-is-peer-support\/\" >\n\t\t\t\t1. Hva\u00f0 er jafningjastu\u00f0ningur?\t\t\t<\/a>\n\t\t<\/h3>\n\t\t\t\t<\/div>\n\t\t\t\t<\/article>\n\t\t\t\t<article class=\"elementor-post elementor-grid-item post-387 article type-article status-publish has-post-thumbnail hentry\">\n\t\t\t\t<a class=\"elementor-post__thumbnail__link\" href=\"https:\/\/peersupport.training\/is\/article\/principles-of-peer-support\/\" tabindex=\"-1\" >\n\t\t\t<div class=\"elementor-post__thumbnail\"><img decoding=\"async\" width=\"300\" height=\"200\" src=\"https:\/\/peersupport.training\/wp-content\/uploads\/2022\/09\/matt-palmer-qUsVYeuxLIQ-unsplash-300x200.jpg\" class=\"attachment-medium size-medium wp-image-1391\" alt=\"\" srcset=\"https:\/\/peersupport.training\/wp-content\/uploads\/2022\/09\/matt-palmer-qUsVYeuxLIQ-unsplash-300x200.jpg 300w, https:\/\/peersupport.training\/wp-content\/uploads\/2022\/09\/matt-palmer-qUsVYeuxLIQ-unsplash-1024x683.jpg 1024w, https:\/\/peersupport.training\/wp-content\/uploads\/2022\/09\/matt-palmer-qUsVYeuxLIQ-unsplash-768x512.jpg 768w, https:\/\/peersupport.training\/wp-content\/uploads\/2022\/09\/matt-palmer-qUsVYeuxLIQ-unsplash-1536x1024.jpg 1536w, https:\/\/peersupport.training\/wp-content\/uploads\/2022\/09\/matt-palmer-qUsVYeuxLIQ-unsplash-2048x1366.jpg 2048w, https:\/\/peersupport.training\/wp-content\/uploads\/2022\/09\/matt-palmer-qUsVYeuxLIQ-unsplash-18x12.jpg 18w\" sizes=\"(max-width: 300px) 100vw, 300px\" \/><\/div>\n\t\t<\/a>\n\t\t\t\t<div class=\"elementor-post__text\">\n\t\t\t\t<h3 class=\"elementor-post__title\">\n\t\t\t<a href=\"https:\/\/peersupport.training\/is\/article\/principles-of-peer-support\/\" >\n\t\t\t\t2. Meginreglur jafningjastu\u00f0nings\t\t\t<\/a>\n\t\t<\/h3>\n\t\t\t\t<\/div>\n\t\t\t\t<\/article>\n\t\t\t\t<article class=\"elementor-post elementor-grid-item post-482 article type-article status-publish has-post-thumbnail hentry\">\n\t\t\t\t<a class=\"elementor-post__thumbnail__link\" href=\"https:\/\/peersupport.training\/is\/article\/personal-story-in-practice\/\" tabindex=\"-1\" >\n\t\t\t<div class=\"elementor-post__thumbnail\"><img decoding=\"async\" width=\"300\" height=\"200\" src=\"https:\/\/peersupport.training\/wp-content\/uploads\/2022\/09\/priscilla-du-preez-CeW-PHwpGc-unsplash-300x200.jpg\" class=\"attachment-medium size-medium wp-image-1345\" alt=\"\" srcset=\"https:\/\/peersupport.training\/wp-content\/uploads\/2022\/09\/priscilla-du-preez-CeW-PHwpGc-unsplash-300x200.jpg 300w, https:\/\/peersupport.training\/wp-content\/uploads\/2022\/09\/priscilla-du-preez-CeW-PHwpGc-unsplash-1024x683.jpg 1024w, https:\/\/peersupport.training\/wp-content\/uploads\/2022\/09\/priscilla-du-preez-CeW-PHwpGc-unsplash-768x512.jpg 768w, https:\/\/peersupport.training\/wp-content\/uploads\/2022\/09\/priscilla-du-preez-CeW-PHwpGc-unsplash-1536x1024.jpg 1536w, https:\/\/peersupport.training\/wp-content\/uploads\/2022\/09\/priscilla-du-preez-CeW-PHwpGc-unsplash-2048x1365.jpg 2048w, https:\/\/peersupport.training\/wp-content\/uploads\/2022\/09\/priscilla-du-preez-CeW-PHwpGc-unsplash-18x12.jpg 18w\" sizes=\"(max-width: 300px) 100vw, 300px\" \/><\/div>\n\t\t<\/a>\n\t\t\t\t<div class=\"elementor-post__text\">\n\t\t\t\t<h3 class=\"elementor-post__title\">\n\t\t\t<a href=\"https:\/\/peersupport.training\/is\/article\/personal-story-in-practice\/\" >\n\t\t\t\t3. A\u00f0 flytja pers\u00f3nulegu s\u00f6gu s\u00edna\t\t\t<\/a>\n\t\t<\/h3>\n\t\t\t\t<\/div>\n\t\t\t\t<\/article>\n\t\t\t\t<article class=\"elementor-post elementor-grid-item post-483 article type-article status-publish has-post-thumbnail hentry\">\n\t\t\t\t<a class=\"elementor-post__thumbnail__link\" href=\"https:\/\/peersupport.training\/is\/article\/safety-and-trust\/\" tabindex=\"-1\" >\n\t\t\t<div class=\"elementor-post__thumbnail\"><img loading=\"lazy\" decoding=\"async\" width=\"300\" height=\"212\" src=\"https:\/\/peersupport.training\/wp-content\/uploads\/2022\/09\/joseph-chan-uTFiFYeQhlI-unsplash-scaled-e1665839876161-300x212.jpg\" class=\"attachment-medium size-medium wp-image-1378\" alt=\"\" srcset=\"https:\/\/peersupport.training\/wp-content\/uploads\/2022\/09\/joseph-chan-uTFiFYeQhlI-unsplash-scaled-e1665839876161-300x212.jpg 300w, https:\/\/peersupport.training\/wp-content\/uploads\/2022\/09\/joseph-chan-uTFiFYeQhlI-unsplash-scaled-e1665839876161-1024x725.jpg 1024w, https:\/\/peersupport.training\/wp-content\/uploads\/2022\/09\/joseph-chan-uTFiFYeQhlI-unsplash-scaled-e1665839876161-768x544.jpg 768w, https:\/\/peersupport.training\/wp-content\/uploads\/2022\/09\/joseph-chan-uTFiFYeQhlI-unsplash-scaled-e1665839876161-1536x1088.jpg 1536w, https:\/\/peersupport.training\/wp-content\/uploads\/2022\/09\/joseph-chan-uTFiFYeQhlI-unsplash-scaled-e1665839876161-18x12.jpg 18w, https:\/\/peersupport.training\/wp-content\/uploads\/2022\/09\/joseph-chan-uTFiFYeQhlI-unsplash-scaled-e1665839876161.jpg 1644w\" sizes=\"(max-width: 300px) 100vw, 300px\" \/><\/div>\n\t\t<\/a>\n\t\t\t\t<div class=\"elementor-post__text\">\n\t\t\t\t<h3 class=\"elementor-post__title\">\n\t\t\t<a href=\"https:\/\/peersupport.training\/is\/article\/safety-and-trust\/\" >\n\t\t\t\t4.Jafningja- traust og \u00f6ryggi\t\t\t<\/a>\n\t\t<\/h3>\n\t\t\t\t<\/div>\n\t\t\t\t<\/article>\n\t\t\t\t<article class=\"elementor-post elementor-grid-item post-484 article type-article status-publish has-post-thumbnail hentry\">\n\t\t\t\t<a class=\"elementor-post__thumbnail__link\" href=\"https:\/\/peersupport.training\/is\/article\/practicing-ps\/\" tabindex=\"-1\" >\n\t\t\t<div class=\"elementor-post__thumbnail\"><img loading=\"lazy\" decoding=\"async\" width=\"300\" height=\"225\" src=\"https:\/\/peersupport.training\/wp-content\/uploads\/2022\/09\/pexels-brett-jordan-7416851-300x225.jpg\" class=\"attachment-medium size-medium wp-image-394\" alt=\"\" srcset=\"https:\/\/peersupport.training\/wp-content\/uploads\/2022\/09\/pexels-brett-jordan-7416851-300x225.jpg 300w, https:\/\/peersupport.training\/wp-content\/uploads\/2022\/09\/pexels-brett-jordan-7416851-1024x768.jpg 1024w, https:\/\/peersupport.training\/wp-content\/uploads\/2022\/09\/pexels-brett-jordan-7416851-768x576.jpg 768w, https:\/\/peersupport.training\/wp-content\/uploads\/2022\/09\/pexels-brett-jordan-7416851-1536x1152.jpg 1536w, https:\/\/peersupport.training\/wp-content\/uploads\/2022\/09\/pexels-brett-jordan-7416851-2048x1536.jpg 2048w, https:\/\/peersupport.training\/wp-content\/uploads\/2022\/09\/pexels-brett-jordan-7416851-16x12.jpg 16w\" sizes=\"(max-width: 300px) 100vw, 300px\" \/><\/div>\n\t\t<\/a>\n\t\t\t\t<div class=\"elementor-post__text\">\n\t\t\t\t<h3 class=\"elementor-post__title\">\n\t\t\t<a href=\"https:\/\/peersupport.training\/is\/article\/practicing-ps\/\" >\n\t\t\t\t5. Hagn\u00fdtt ferli\t\t\t<\/a>\n\t\t<\/h3>\n\t\t\t\t<\/div>\n\t\t\t\t<\/article>\n\t\t\t\t<article class=\"elementor-post elementor-grid-item post-485 article type-article status-publish has-post-thumbnail hentry\">\n\t\t\t\t<a class=\"elementor-post__thumbnail__link\" href=\"https:\/\/peersupport.training\/is\/article\/communication-skills\/\" tabindex=\"-1\" >\n\t\t\t<div class=\"elementor-post__thumbnail\"><img loading=\"lazy\" decoding=\"async\" width=\"300\" height=\"200\" src=\"https:\/\/peersupport.training\/wp-content\/uploads\/2022\/10\/brooke-cagle-uHVRvDr7pg-unsplash-300x200.jpg\" class=\"attachment-medium size-medium wp-image-1200\" alt=\"\" srcset=\"https:\/\/peersupport.training\/wp-content\/uploads\/2022\/10\/brooke-cagle-uHVRvDr7pg-unsplash-300x200.jpg 300w, https:\/\/peersupport.training\/wp-content\/uploads\/2022\/10\/brooke-cagle-uHVRvDr7pg-unsplash-1024x683.jpg 1024w, https:\/\/peersupport.training\/wp-content\/uploads\/2022\/10\/brooke-cagle-uHVRvDr7pg-unsplash-768x512.jpg 768w, https:\/\/peersupport.training\/wp-content\/uploads\/2022\/10\/brooke-cagle-uHVRvDr7pg-unsplash-1536x1024.jpg 1536w, https:\/\/peersupport.training\/wp-content\/uploads\/2022\/10\/brooke-cagle-uHVRvDr7pg-unsplash-2048x1366.jpg 2048w, https:\/\/peersupport.training\/wp-content\/uploads\/2022\/10\/brooke-cagle-uHVRvDr7pg-unsplash-18x12.jpg 18w\" sizes=\"(max-width: 300px) 100vw, 300px\" \/><\/div>\n\t\t<\/a>\n\t\t\t\t<div class=\"elementor-post__text\">\n\t\t\t\t<h3 class=\"elementor-post__title\">\n\t\t\t<a href=\"https:\/\/peersupport.training\/is\/article\/communication-skills\/\" >\n\t\t\t\t6. Samskiptah\u00e6fni\t\t\t<\/a>\n\t\t<\/h3>\n\t\t\t\t<\/div>\n\t\t\t\t<\/article>\n\t\t\t\t<article class=\"elementor-post elementor-grid-item post-486 article type-article status-publish has-post-thumbnail hentry\">\n\t\t\t\t<a class=\"elementor-post__thumbnail__link\" href=\"https:\/\/peersupport.training\/is\/article\/crisis-management\/\" tabindex=\"-1\" >\n\t\t\t<div class=\"elementor-post__thumbnail\"><img loading=\"lazy\" decoding=\"async\" width=\"300\" height=\"197\" src=\"https:\/\/peersupport.training\/wp-content\/uploads\/2022\/09\/breana-panaguiton-P4vFfdGl_8s-unsplash-scaled-e1665839563101-300x197.jpg\" class=\"attachment-medium size-medium wp-image-1368\" alt=\"\" srcset=\"https:\/\/peersupport.training\/wp-content\/uploads\/2022\/09\/breana-panaguiton-P4vFfdGl_8s-unsplash-scaled-e1665839563101-300x197.jpg 300w, https:\/\/peersupport.training\/wp-content\/uploads\/2022\/09\/breana-panaguiton-P4vFfdGl_8s-unsplash-scaled-e1665839563101-1024x672.jpg 1024w, https:\/\/peersupport.training\/wp-content\/uploads\/2022\/09\/breana-panaguiton-P4vFfdGl_8s-unsplash-scaled-e1665839563101-768x504.jpg 768w, https:\/\/peersupport.training\/wp-content\/uploads\/2022\/09\/breana-panaguiton-P4vFfdGl_8s-unsplash-scaled-e1665839563101-1536x1007.jpg 1536w, https:\/\/peersupport.training\/wp-content\/uploads\/2022\/09\/breana-panaguiton-P4vFfdGl_8s-unsplash-scaled-e1665839563101-2048x1343.jpg 2048w, https:\/\/peersupport.training\/wp-content\/uploads\/2022\/09\/breana-panaguiton-P4vFfdGl_8s-unsplash-scaled-e1665839563101-18x12.jpg 18w\" sizes=\"(max-width: 300px) 100vw, 300px\" \/><\/div>\n\t\t<\/a>\n\t\t\t\t<div class=\"elementor-post__text\">\n\t\t\t\t<h3 class=\"elementor-post__title\">\n\t\t\t<a href=\"https:\/\/peersupport.training\/is\/article\/crisis-management\/\" >\n\t\t\t\t7. A\u00f0 takast \u00e1 vi\u00f0 kr\u00edsu\t\t\t<\/a>\n\t\t<\/h3>\n\t\t\t\t<\/div>\n\t\t\t\t<\/article>\n\t\t\t\t<article class=\"elementor-post elementor-grid-item post-487 article type-article status-publish has-post-thumbnail hentry\">\n\t\t\t\t<a class=\"elementor-post__thumbnail__link\" href=\"https:\/\/peersupport.training\/is\/article\/self-care\/\" tabindex=\"-1\" >\n\t\t\t<div class=\"elementor-post__thumbnail\"><img loading=\"lazy\" decoding=\"async\" width=\"300\" height=\"187\" src=\"https:\/\/peersupport.training\/wp-content\/uploads\/2022\/09\/priscilla-du-preez-jUdC5jfhi6E-unsplash-scaled-e1665838689911-300x187.jpg\" class=\"attachment-medium size-medium wp-image-1343\" alt=\"\" srcset=\"https:\/\/peersupport.training\/wp-content\/uploads\/2022\/09\/priscilla-du-preez-jUdC5jfhi6E-unsplash-scaled-e1665838689911-300x187.jpg 300w, https:\/\/peersupport.training\/wp-content\/uploads\/2022\/09\/priscilla-du-preez-jUdC5jfhi6E-unsplash-scaled-e1665838689911-1024x640.jpg 1024w, https:\/\/peersupport.training\/wp-content\/uploads\/2022\/09\/priscilla-du-preez-jUdC5jfhi6E-unsplash-scaled-e1665838689911-768x480.jpg 768w, https:\/\/peersupport.training\/wp-content\/uploads\/2022\/09\/priscilla-du-preez-jUdC5jfhi6E-unsplash-scaled-e1665838689911-1536x960.jpg 1536w, https:\/\/peersupport.training\/wp-content\/uploads\/2022\/09\/priscilla-du-preez-jUdC5jfhi6E-unsplash-scaled-e1665838689911-18x12.jpg 18w, https:\/\/peersupport.training\/wp-content\/uploads\/2022\/09\/priscilla-du-preez-jUdC5jfhi6E-unsplash-scaled-e1665838689911.jpg 1772w\" sizes=\"(max-width: 300px) 100vw, 300px\" \/><\/div>\n\t\t<\/a>\n\t\t\t\t<div class=\"elementor-post__text\">\n\t\t\t\t<h3 class=\"elementor-post__title\">\n\t\t\t<a href=\"https:\/\/peersupport.training\/is\/article\/self-care\/\" >\n\t\t\t\t8. Sj\u00e1lfs umhyggja\t\t\t<\/a>\n\t\t<\/h3>\n\t\t\t\t<\/div>\n\t\t\t\t<\/article>\n\t\t\t\t<article class=\"elementor-post elementor-grid-item post-488 article type-article status-publish has-post-thumbnail hentry\">\n\t\t\t\t<a class=\"elementor-post__thumbnail__link\" href=\"https:\/\/peersupport.training\/is\/article\/implementation-of-peer-support\/\" tabindex=\"-1\" >\n\t\t\t<div class=\"elementor-post__thumbnail\"><img loading=\"lazy\" decoding=\"async\" width=\"300\" height=\"200\" src=\"https:\/\/peersupport.training\/wp-content\/uploads\/2022\/09\/maxime-horlaville-CSWllKT9wPw-unsplash-300x200.jpg\" class=\"attachment-medium size-medium wp-image-718\" alt=\"\" srcset=\"https:\/\/peersupport.training\/wp-content\/uploads\/2022\/09\/maxime-horlaville-CSWllKT9wPw-unsplash-300x200.jpg 300w, https:\/\/peersupport.training\/wp-content\/uploads\/2022\/09\/maxime-horlaville-CSWllKT9wPw-unsplash-1024x683.jpg 1024w, https:\/\/peersupport.training\/wp-content\/uploads\/2022\/09\/maxime-horlaville-CSWllKT9wPw-unsplash-768x512.jpg 768w, https:\/\/peersupport.training\/wp-content\/uploads\/2022\/09\/maxime-horlaville-CSWllKT9wPw-unsplash-1536x1024.jpg 1536w, https:\/\/peersupport.training\/wp-content\/uploads\/2022\/09\/maxime-horlaville-CSWllKT9wPw-unsplash-2048x1365.jpg 2048w, https:\/\/peersupport.training\/wp-content\/uploads\/2022\/09\/maxime-horlaville-CSWllKT9wPw-unsplash-18x12.jpg 18w\" sizes=\"(max-width: 300px) 100vw, 300px\" \/><\/div>\n\t\t<\/a>\n\t\t\t\t<div class=\"elementor-post__text\">\n\t\t\t\t<h3 class=\"elementor-post__title\">\n\t\t\t<a href=\"https:\/\/peersupport.training\/is\/article\/implementation-of-peer-support\/\" >\n\t\t\t\t9. Innlei\u00f0ing jafningjastu\u00f0nings\t\t\t<\/a>\n\t\t<\/h3>\n\t\t\t\t<\/div>\n\t\t\t\t<\/article>\n\t\t\t\t<\/div>\n\t\t\n\t\t\t\t\t\t<\/div>\n\t\t\t\t<\/div>\n\t\t\t\t<div class=\"elementor-element elementor-element-b5552b0 elementor-widget elementor-widget-spacer\" data-id=\"b5552b0\" data-element_type=\"widget\" data-e-type=\"widget\" data-widget_type=\"spacer.default\">\n\t\t\t\t<div class=\"elementor-widget-container\">\n\t\t\t\t\t\t\t<div class=\"elementor-spacer\">\n\t\t\t<div class=\"elementor-spacer-inner\"><\/div>\n\t\t<\/div>\n\t\t\t\t\t\t<\/div>\n\t\t\t\t<\/div>\n\t\t\t\t\t<\/div>\n\t\t<\/div>\n\t\t\t\t\t<\/div>\n\t\t<\/section>\n\t\t\t\t<\/div>","protected":false},"excerpt":{"rendered":"","protected":false},"author":1,"featured_media":0,"parent":0,"menu_order":0,"comment_status":"closed","ping_status":"closed","template":"","meta":{"site-sidebar-layout":"no-sidebar","site-content-layout":"page-builder","ast-site-content-layout":"default","site-content-style":"default","site-sidebar-style":"default","ast-global-header-display":"","ast-banner-title-visibility":"","ast-main-header-display":"","ast-hfb-above-header-display":"","ast-hfb-below-header-display":"","ast-hfb-mobile-header-display":"","site-post-title":"disabled","ast-breadcrumbs-content":"","ast-featured-img":"disabled","footer-sml-layout":"","ast-disable-related-posts":"","theme-transparent-header-meta":"","adv-header-id-meta":"","stick-header-meta":"","header-above-stick-meta":"","header-main-stick-meta":"","header-below-stick-meta":"","astra-migrate-meta-layouts":"default","ast-page-background-enabled":"default","ast-page-background-meta":{"desktop":{"background-color":"","background-image":"","background-repeat":"repeat","background-position":"center center","background-size":"auto","background-attachment":"scroll","background-type":"","background-media":"","overlay-type":"","overlay-color":"","overlay-opacity":"","overlay-gradient":""},"tablet":{"background-color":"","background-image":"","background-repeat":"repeat","background-position":"center center","background-size":"auto","background-attachment":"scroll","background-type":"","background-media":"","overlay-type":"","overlay-color":"","overlay-opacity":"","overlay-gradient":""},"mobile":{"background-color":"","background-image":"","background-repeat":"repeat","background-position":"center center","background-size":"auto","background-attachment":"scroll","background-type":"","background-media":"","overlay-type":"","overlay-color":"","overlay-opacity":"","overlay-gradient":""}},"ast-content-background-meta":{"desktop":{"background-color":"var(--ast-global-color-5)","background-image":"","background-repeat":"repeat","background-position":"center center","background-size":"auto","background-attachment":"scroll","background-type":"","background-media":"","overlay-type":"","overlay-color":"","overlay-opacity":"","overlay-gradient":""},"tablet":{"background-color":"var(--ast-global-color-5)","background-image":"","background-repeat":"repeat","background-position":"center center","background-size":"auto","background-attachment":"scroll","background-type":"","background-media":"","overlay-type":"","overlay-color":"","overlay-opacity":"","overlay-gradient":""},"mobile":{"background-color":"var(--ast-global-color-5)","background-image":"","background-repeat":"repeat","background-position":"center center","background-size":"auto","background-attachment":"scroll","background-type":"","background-media":"","overlay-type":"","overlay-color":"","overlay-opacity":"","overlay-gradient":""}},"footnotes":""},"class_list":["post-346","page","type-page","status-publish","hentry"],"_links":{"self":[{"href":"https:\/\/peersupport.training\/is\/wp-json\/wp\/v2\/pages\/346","targetHints":{"allow":["GET"]}}],"collection":[{"href":"https:\/\/peersupport.training\/is\/wp-json\/wp\/v2\/pages"}],"about":[{"href":"https:\/\/peersupport.training\/is\/wp-json\/wp\/v2\/types\/page"}],"author":[{"embeddable":true,"href":"https:\/\/peersupport.training\/is\/wp-json\/wp\/v2\/users\/1"}],"replies":[{"embeddable":true,"href":"https:\/\/peersupport.training\/is\/wp-json\/wp\/v2\/comments?post=346"}],"version-history":[{"count":28,"href":"https:\/\/peersupport.training\/is\/wp-json\/wp\/v2\/pages\/346\/revisions"}],"predecessor-version":[{"id":558,"href":"https:\/\/peersupport.training\/is\/wp-json\/wp\/v2\/pages\/346\/revisions\/558"}],"wp:attachment":[{"href":"https:\/\/peersupport.training\/is\/wp-json\/wp\/v2\/media?parent=346"}],"curies":[{"name":"wp","href":"https:\/\/api.w.org\/{rel}","templated":true}]}}